{"id":286,"date":"2026-01-12T14:14:46","date_gmt":"2026-01-12T13:14:46","guid":{"rendered":"https:\/\/codexviii.nitea.net\/?page_id=237"},"modified":"2026-01-28T11:01:43","modified_gmt":"2026-01-28T10:01:43","slug":"sigma","status":"publish","type":"page","link":"https:\/\/codexviii.nitea.net\/?page_id=286&lang=sv","title":{"rendered":"Sigma"},"content":{"rendered":"\t\t<div data-elementor-type=\"wp-page\" data-elementor-id=\"286\" class=\"elementor elementor-286\" data-elementor-post-type=\"page\">\n\t\t\t\t<div class=\"elementor-element elementor-element-arch_hero e-con-full e-flex e-con e-parent\" data-id=\"arch_hero\" data-element_type=\"container\">\n\t\t<div class=\"elementor-element elementor-element-arch_hero_inner e-flex e-con-boxed e-con e-child\" data-id=\"arch_hero_inner\" data-element_type=\"container\">\n\t\t\t\t\t<div class=\"e-con-inner\">\n\t\t\t\t<div class=\"elementor-element elementor-element-arch_hero_title elementor-widget elementor-widget-heading\" data-id=\"arch_hero_title\" data-element_type=\"widget\" data-widget_type=\"heading.default\">\n\t\t\t\t<div class=\"elementor-widget-container\">\n\t\t\t\t\t<h1 class=\"elementor-heading-title elementor-size-default\">SIGMA<\/h1>\t\t\t\t<\/div>\n\t\t\t\t<\/div>\n\t\t\t\t<div class=\"elementor-element elementor-element-arch_hero_tagline elementor-widget elementor-widget-text-editor\" data-id=\"arch_hero_tagline\" data-element_type=\"widget\" data-widget_type=\"text-editor.default\">\n\t\t\t\t<div class=\"elementor-widget-container\">\n\t\t\t\t\t\t\t\t\t<div><div>Sj\u00e4lvst\u00e4ndig. Ober\u00f6rd. Formar tyst sin egen v\u00e4rld.<\/div><\/div>\t\t\t\t\t\t\t\t<\/div>\n\t\t\t\t<\/div>\n\t\t\t\t<div class=\"elementor-element elementor-element-4cb6faf elementor-align-center elementor-widget elementor-widget-button\" data-id=\"4cb6faf\" data-element_type=\"widget\" data-settings=\"{&quot;_animation&quot;:&quot;none&quot;,&quot;_animation_delay&quot;:600}\" data-widget_type=\"button.default\">\n\t\t\t\t<div class=\"elementor-widget-container\">\n\t\t\t\t\t\t\t\t\t<div class=\"elementor-button-wrapper\">\n\t\t\t\t\t<a class=\"elementor-button elementor-button-link elementor-size-sm\" href=\"https:\/\/codexviii.nitea.net\/?page_id=32\">\n\t\t\t\t\t\t<span class=\"elementor-button-content-wrapper\">\n\t\t\t\t\t\t\t\t\t<span class=\"elementor-button-text\">G\u00f6r testet nu<\/span>\n\t\t\t\t\t<\/span>\n\t\t\t\t\t<\/a>\n\t\t\t\t<\/div>\n\t\t\t\t\t\t\t\t<\/div>\n\t\t\t\t<\/div>\n\t\t\t\t\t<\/div>\n\t\t\t\t<\/div>\n\t\t\t\t<\/div>\n\t\t<div class=\"elementor-element elementor-element-arch_overview e-flex e-con-boxed e-con e-parent\" data-id=\"arch_overview\" data-element_type=\"container\" data-settings=\"{&quot;background_background&quot;:&quot;classic&quot;}\">\n\t\t\t\t\t<div class=\"e-con-inner\">\n\t\t\t\t<div class=\"elementor-element elementor-element-arch_overview_h elementor-widget elementor-widget-heading\" data-id=\"arch_overview_h\" data-element_type=\"widget\" data-widget_type=\"heading.default\">\n\t\t\t\t<div class=\"elementor-widget-container\">\n\t\t\t\t\t<h2 class=\"elementor-heading-title elementor-size-default\">\u00d6versikt<\/h2>\t\t\t\t<\/div>\n\t\t\t\t<\/div>\n\t\t\t\t<div class=\"elementor-element elementor-element-arch_overview_txt elementor-widget elementor-widget-text-editor\" data-id=\"arch_overview_txt\" data-element_type=\"widget\" data-widget_type=\"text-editor.default\">\n\t\t\t\t<div class=\"elementor-widget-container\">\n\t\t\t\t\t\t\t\t\t<div><div>Sigma-archetypen lever utanf\u00f6r den traditionella hierarkin \u2013 inte under den, inte \u00f6ver den, utan bortom den. Medan Alfahanen k\u00e4mpar f\u00f6r att leda flocken och Betan finner mening i harmoni, l\u00e4mnar Sigman tyst det sociala spelet helt. Han \u00e4r den sj\u00e4lvf\u00f6rs\u00f6rjande arkitekten av sin egen v\u00e4rld \u2013 s\u00e4llan h\u00f6gljudd, aldrig desperat efter godk\u00e4nnande och ointresserad av att f\u00f6lja regler han inte sj\u00e4lv skapat. Hans kraft \u00e4r tyst men omissk\u00e4nnlig. Han g\u00e5r ensam \u2013 inte f\u00f6r att han m\u00e5ste, utan f\u00f6r att det \u00e4r d\u00e4r han t\u00e4nker b\u00e4st. Sigmor v\u00e4rdes\u00e4tter frihet \u00f6ver allt annat. Social bekr\u00e4ftelse, titlar och appl\u00e5der betyder inget om de inte tj\u00e4nar ett djupare syfte. Han avvisar inte m\u00e4nniskor; han beh\u00f6ver dem bara inte f\u00f6r att fungera. Om han bjuder in dig i sin inre v\u00e4rld har du f\u00f6rtj\u00e4nat en s\u00e4llsynt sorts f\u00f6rtroende. Men den sj\u00e4lvst\u00e4ndighet som ger honom styrka kan ocks\u00e5 isolera honom. Han bygger murar f\u00f6r att beh\u00e5lla fokus \u2013 bara f\u00f6r att uppt\u00e4cka att de blivit en f\u00e4stning han inte kan l\u00e4mna. Han saknar inte k\u00e4nslom\u00e4ssigt djup \u2013 tv\u00e4rtom, han k\u00e4nner ofta intensivt. Han har bara l\u00e4rt sig att bearbeta allt tyst, i skuggorna, d\u00e4r v\u00e4rldens brus inte kan st\u00f6ra hans klarhet. Denna arketyp \u00e4r full av paradoxer: intensivt eftert\u00e4nksam men handlingskraftig. Tyst, men inflytelserik. Fr\u00e5nkopplad fr\u00e5n normer, men djupt principfast. Sigman revolterar inte f\u00f6r att synas \u2013 han bryr sig helt enkelt inte om n\u00e5gon tittar.<\/div><\/div>\t\t\t\t\t\t\t\t<\/div>\n\t\t\t\t<\/div>\n\t\t\t\t\t<\/div>\n\t\t\t\t<\/div>\n\t\t<div class=\"elementor-element elementor-element-arch_str_chal e-flex e-con-boxed e-con e-parent\" data-id=\"arch_str_chal\" data-element_type=\"container\">\n\t\t\t\t\t<div class=\"e-con-inner\">\n\t\t<div class=\"elementor-element elementor-element-arch_str_col e-flex e-con-boxed e-con e-child\" data-id=\"arch_str_col\" data-element_type=\"container\" data-settings=\"{&quot;background_background&quot;:&quot;classic&quot;}\">\n\t\t\t\t\t<div class=\"e-con-inner\">\n\t\t\t\t<div class=\"elementor-element elementor-element-arch_str_h elementor-widget elementor-widget-heading\" data-id=\"arch_str_h\" data-element_type=\"widget\" data-widget_type=\"heading.default\">\n\t\t\t\t<div class=\"elementor-widget-container\">\n\t\t\t\t\t<h2 class=\"elementor-heading-title elementor-size-default\">Styrkor<\/h2>\t\t\t\t<\/div>\n\t\t\t\t<\/div>\n\t\t\t\t<div class=\"elementor-element elementor-element-arch_str_txt elementor-widget elementor-widget-text-editor\" data-id=\"arch_str_txt\" data-element_type=\"widget\" data-widget_type=\"text-editor.default\">\n\t\t\t\t<div class=\"elementor-widget-container\">\n\t\t\t\t\t\t\t\t\t<ul><li>Radikal sj\u00e4lvst\u00e4ndighet: Sigmor \u00e4r suver\u00e4na system \u2013 de agerar utifr\u00e5n egen logik, motivation och disciplin. De v\u00e4ntar inte p\u00e5 till\u00e5telse, appl\u00e5der eller social anpassning. Denna autonomi g\u00f6r dem motst\u00e5ndskraftiga, fokuserade och n\u00e4stan om\u00f6jliga att manipulera.<\/li><li>Strategiskt t\u00e4nkande i ensamhet: Ensamhet \u00e4r inte bara f\u00f6redragen \u2013 den \u00e4r n\u00f6dv\u00e4ndig. Sigmor anv\u00e4nder tiden f\u00f6r sig sj\u00e4lva till att syntetisera information, bygga mentala modeller och f\u00f6rutse scenarier. Deras styrka \u00e4r inte bara introversion \u2013 det \u00e4r produktiv reflektion som leder till genomt\u00e4nkt handling.<\/li><li>Immunitet mot social press: Oavsett om det g\u00e4ller modetrender, grupptryck eller ytliga statusspel, g\u00e5r Sigman sin egen v\u00e4g. Han m\u00e4ter v\u00e4rde inte efter yta, utan efter substans. Hans v\u00e4rderingar \u00e4r djupt personliga och icke-f\u00f6rhandlingsbara.<\/li><li>Mysterisk karisma: Ironiskt nog kan deras distans g\u00f6ra dem magnetiska. Att de v\u00e4grar jaga status skapar en aura av mystik. Folk vill f\u00f6rst\u00e5 dem, men Sigman avsl\u00f6jar bara det n\u00f6dv\u00e4ndiga.<\/li><li>Fokuserad minimalism: Sigman sprider inte sin energi. Varje handling \u00e4r avsiktlig, slimmad och precis. Han eliminerar distraktioner, sk\u00e4r igenom sm\u00e5prat och \u00e4gnar sig \u00e5t det som verkligen betyder n\u00e5got med kirurgisk klarhet.<\/li><\/ul>\t\t\t\t\t\t\t\t<\/div>\n\t\t\t\t<\/div>\n\t\t\t\t\t<\/div>\n\t\t\t\t<\/div>\n\t\t<div class=\"elementor-element elementor-element-arch_chal_col e-flex e-con-boxed e-con e-child\" data-id=\"arch_chal_col\" data-element_type=\"container\" data-settings=\"{&quot;background_background&quot;:&quot;classic&quot;}\">\n\t\t\t\t\t<div class=\"e-con-inner\">\n\t\t\t\t<div class=\"elementor-element elementor-element-arch_chal_h elementor-widget elementor-widget-heading\" data-id=\"arch_chal_h\" data-element_type=\"widget\" data-widget_type=\"heading.default\">\n\t\t\t\t<div class=\"elementor-widget-container\">\n\t\t\t\t\t<h2 class=\"elementor-heading-title elementor-size-default\">Utmaningar<\/h2>\t\t\t\t<\/div>\n\t\t\t\t<\/div>\n\t\t\t\t<div class=\"elementor-element elementor-element-arch_chal_txt elementor-widget elementor-widget-text-editor\" data-id=\"arch_chal_txt\" data-element_type=\"widget\" data-widget_type=\"text-editor.default\">\n\t\t\t\t<div class=\"elementor-widget-container\">\n\t\t\t\t\t\t\t\t\t<ul><li>K\u00e4nslom\u00e4ssig sj\u00e4lvbeh\u00e4rskning: Sigmor bearbetar allt inom sig \u2013 s\u00e5 mycket att de ofta f\u00f6rsummar k\u00e4nslouttryck. Med tiden kan detta leda till k\u00e4nslom\u00e4ssig avtrubbning, sv\u00e5righeter i s\u00e5rbara relationer eller kronisk ensamhet maskerad som stoicism.<\/li><li>Isolationsslingor: Ensamhet \u00e4r en styrka \u2013 tills det blir en bur. Sigmor kan g\u00e5 veckor, m\u00e5nader eller till och med \u00e5r utan meningsfull kontakt, \u00f6vertygade om att de skyddar sin frid. Men utan tillf\u00e4llig \u00e5terkoppling eller intimitet riskerar de att tappa perspektivet.<\/li><li>F\u00f6rtroendebarri\u00e4rer: F\u00f6rtroende ges inte fritt. Det m\u00e5ste f\u00f6rtj\u00e4nas, l\u00e5ngsamt, genom konsekvens och integritet. Detta skyddar dem fr\u00e5n svek, men begr\u00e4nsar ocks\u00e5 tillg\u00e5ngen till st\u00f6dsystem. &#8221;Jag fixar det sj\u00e4lv&#8221; blir standard, \u00e4ven n\u00e4r hj\u00e4lp finns tillg\u00e4nglig.<\/li><li>F\u00f6rakt f\u00f6r hierarkier: Sigmor har sv\u00e5rt i rigida eller statusfixerade milj\u00f6er. Deras v\u00e4gran att spela politiska spel ger dem ofta beundran \u2013 men ocks\u00e5 missf\u00f6rst\u00e5nd eller uteslutning. De kan uppfattas som reserverade, arroganta eller &#8221;inte lagspelare&#8221;.<\/li><li>F\u00f6rdr\u00f6jd handling genom \u00f6veranalys: \u00c4ven om de \u00e4r djupa t\u00e4nkare kan Sigmor fastna i analysparalys \u2013 s\u00e4rskilt i k\u00e4nslom\u00e4ssigt oklara situationer. Viljan att &#8221;f\u00f6rst\u00e5 allt f\u00f6rst&#8221; kan f\u00f6rdr\u00f6ja avg\u00f6rande handling eller m\u00e4nsklig kontakt.<\/li><\/ul>\t\t\t\t\t\t\t\t<\/div>\n\t\t\t\t<\/div>\n\t\t\t\t\t<\/div>\n\t\t\t\t<\/div>\n\t\t\t\t\t<\/div>\n\t\t\t\t<\/div>\n\t\t<div class=\"elementor-element elementor-element-arch_environment e-flex e-con-boxed e-con e-parent\" data-id=\"arch_environment\" data-element_type=\"container\" data-settings=\"{&quot;background_background&quot;:&quot;classic&quot;}\">\n\t\t\t\t\t<div class=\"e-con-inner\">\n\t\t\t\t<div class=\"elementor-element elementor-element-arch_environment_h elementor-widget elementor-widget-heading\" data-id=\"arch_environment_h\" data-element_type=\"widget\" data-widget_type=\"heading.default\">\n\t\t\t\t<div class=\"elementor-widget-container\">\n\t\t\t\t\t<h2 class=\"elementor-heading-title elementor-size-default\">Milj\u00f6 &amp; Karri\u00e4r<\/h2>\t\t\t\t<\/div>\n\t\t\t\t<\/div>\n\t\t\t\t<div class=\"elementor-element elementor-element-arch_environment_txt elementor-widget elementor-widget-text-editor\" data-id=\"arch_environment_txt\" data-element_type=\"widget\" data-widget_type=\"text-editor.default\">\n\t\t\t\t<div class=\"elementor-widget-container\">\n\t\t\t\t\t\t\t\t\t<div><div>Trivsamma f\u00f6ruts\u00e4ttningar: Maximal autonomi och flexibilitet Utrymme f\u00f6r djuparbete och minimalt med mikrostyrning M\u00f6jligheter att bygga system, strategier eller produkter sj\u00e4lvst\u00e4ndigt Uppdragsdrivet arbete som inte kr\u00e4ver social bekr\u00e4ftelse Ideala yrken: Mjukvaruutvecklare, data scientist, etisk hacker Filosof, f\u00f6rfattare, forskare Entrepren\u00f6r, s\u00e4rskilt i solo-\\\/frilansmodeller Underr\u00e4ttelse, analys, unders\u00f6kande journalistik Designer eller kreativ chef (med kontroll \u00f6ver visionen) Distansbaserade roller d\u00e4r resultat \u00e4r viktigare \u00e4n yta Risker &amp;amp; missanpassningar: F\u00f6retagstrappor som bygger p\u00e5 n\u00e4tverkande eller synlighet Jobb med p\u00e5tvingade sociala ritualer (t.ex. dagliga m\u00f6ten, \\&#8221;roliga\\&#8221; teamaktiviteter) Roller d\u00e4r hierarki g\u00e5r f\u00f6re logik eller kompetens Milj\u00f6er som tolkar tystnad som ointresse Sigman p\u00e5 sitt b\u00e4sta: Bygger tyst system som \u00f6verlever bruset Agerar som strateg, inte f\u00f6ljare F\u00f6rtj\u00e4nar respekt utan att n\u00e5gonsin be om det.<\/div><\/div>\t\t\t\t\t\t\t\t<\/div>\n\t\t\t\t<\/div>\n\t\t\t\t\t<\/div>\n\t\t\t\t<\/div>\n\t\t<div class=\"elementor-element elementor-element-arch_rel_grow e-flex e-con-boxed e-con e-parent\" data-id=\"arch_rel_grow\" data-element_type=\"container\">\n\t\t\t\t\t<div class=\"e-con-inner\">\n\t\t<div class=\"elementor-element elementor-element-arch_rel_col e-flex e-con-boxed e-con e-child\" data-id=\"arch_rel_col\" data-element_type=\"container\" data-settings=\"{&quot;background_background&quot;:&quot;classic&quot;}\">\n\t\t\t\t\t<div class=\"e-con-inner\">\n\t\t\t\t<div class=\"elementor-element elementor-element-arch_rel_h elementor-widget elementor-widget-heading\" data-id=\"arch_rel_h\" data-element_type=\"widget\" data-widget_type=\"heading.default\">\n\t\t\t\t<div class=\"elementor-widget-container\">\n\t\t\t\t\t<h2 class=\"elementor-heading-title elementor-size-default\">Relationer<\/h2>\t\t\t\t<\/div>\n\t\t\t\t<\/div>\n\t\t\t\t<div class=\"elementor-element elementor-element-arch_rel_txt elementor-widget elementor-widget-text-editor\" data-id=\"arch_rel_txt\" data-element_type=\"widget\" data-widget_type=\"text-editor.default\">\n\t\t\t\t<div class=\"elementor-widget-container\">\n\t\t\t\t\t\t\t\t\tStyrkor: H\u00f6g emotionell integritet \u2013 l\u00e5tsas inte f\u00f6r att f\u00e5 godk\u00e4nnande Djup lojalitet n\u00e4r f\u00f6rtroende v\u00e4l \u00e4r etablerat S\u00e4llsynt kombination av maskulin beh\u00e4rskning och k\u00e4nslom\u00e4ssigt djup Stark n\u00e4rvaro, \u00e4ven i tystnad Lyssnar fullt ut, svarar med klarhet  Risker: Kan h\u00e5lla murarna f\u00f6r h\u00f6ga, f\u00f6r l\u00e4nge Har sv\u00e5rt med k\u00e4nslom\u00e4ssig respons i realtid Kan oavsiktligt f\u00f6rv\u00e4xla sj\u00e4lvst\u00e4ndighet med distans Ofta r\u00e4dd att n\u00e4rhet ska kosta honom klarhet eller frihet Har sv\u00e5rt att uttrycka behov eller be om hj\u00e4lp  Mest kompatibel med: Partners som v\u00e4rdes\u00e4tter djup framf\u00f6r drama och frihet framf\u00f6r kl\u00e4ngighet Alfor (f\u00f6r intensitet) eller Gammor (f\u00f6r eftertanke) De som \u00e4r trygga nog att inte ta hans distans personligt\t\t\t\t\t\t\t\t<\/div>\n\t\t\t\t<\/div>\n\t\t\t\t\t<\/div>\n\t\t\t\t<\/div>\n\t\t<div class=\"elementor-element elementor-element-arch_grow_col e-flex e-con-boxed e-con e-child\" data-id=\"arch_grow_col\" data-element_type=\"container\" data-settings=\"{&quot;background_background&quot;:&quot;classic&quot;}\">\n\t\t\t\t\t<div class=\"e-con-inner\">\n\t\t\t\t<div class=\"elementor-element elementor-element-arch_grow_h elementor-widget elementor-widget-heading\" data-id=\"arch_grow_h\" data-element_type=\"widget\" data-widget_type=\"heading.default\">\n\t\t\t\t<div class=\"elementor-widget-container\">\n\t\t\t\t\t<h2 class=\"elementor-heading-title elementor-size-default\">Tillv\u00e4xt &amp; Utveckling<\/h2>\t\t\t\t<\/div>\n\t\t\t\t<\/div>\n\t\t\t\t<div class=\"elementor-element elementor-element-arch_grow_txt elementor-widget elementor-widget-text-editor\" data-id=\"arch_grow_txt\" data-element_type=\"widget\" data-widget_type=\"text-editor.default\">\n\t\t\t\t<div class=\"elementor-widget-container\">\n\t\t\t\t\t\t\t\t\tSl\u00e4pp in m\u00e4nniskor utan att f\u00f6rlora dig sj\u00e4lv. Kontakt kr\u00e4ver inte underkastelse. Uttryck k\u00e4nslor inte f\u00f6r andras skull \u2013 utan f\u00f6r din egen h\u00e4lsa. Uppd\u00e4mt tryck l\u00e4cker alltid ut n\u00e5gonstans. F\u00f6rst\u00e5 att m\u00e4sterskap kr\u00e4ver \u00e5terkoppling. Du f\u00f6rlorar inte autonomi av att ta emot st\u00f6d \u2013 du f\u00f6rfinar den. Ensamhet \u00e4r kraftfull \u2013 men inte alltid produktiv. Umg\u00e5s med m\u00e4nniskor som ger klarhet, inte f\u00f6rvirring. Din tystnad \u00e4r stark \u2013 men det \u00e4r \u00e4ven din r\u00f6st. N\u00e4r du talar lyssnar folk. Anv\u00e4nd den kraften.\t\t\t\t\t\t\t\t<\/div>\n\t\t\t\t<\/div>\n\t\t\t\t\t<\/div>\n\t\t\t\t<\/div>\n\t\t\t\t\t<\/div>\n\t\t\t\t<\/div>\n\t\t<div class=\"elementor-element elementor-element-884aec5e-8a42-45fa-a7c9-415d33d5c33f e-flex e-con-boxed e-con e-parent\" data-id=\"884aec5e-8a42-45fa-a7c9-415d33d5c33f\" data-element_type=\"container\" data-settings=\"{&quot;background_background&quot;:&quot;gradient&quot;}\">\n\t\t\t\t\t<div class=\"e-con-inner\">\n\t\t\t\t<div class=\"elementor-element elementor-element-34cd189e-eea6-4604-811e-4ceb084544cc elementor-widget elementor-widget-heading\" data-id=\"34cd189e-eea6-4604-811e-4ceb084544cc\" data-element_type=\"widget\" data-widget_type=\"heading.default\">\n\t\t\t\t<div class=\"elementor-widget-container\">\n\t\t\t\t\t<h2 class=\"elementor-heading-title elementor-size-default\">Energi &amp; Motivation<\/h2>\t\t\t\t<\/div>\n\t\t\t\t<\/div>\n\t\t<div class=\"elementor-element elementor-element-73a3dd8 e-grid e-con-full e-con e-child\" data-id=\"73a3dd8\" data-element_type=\"container\">\n\t\t<div class=\"elementor-element elementor-element-d0929d5 e-con-full e-flex e-con e-child\" data-id=\"d0929d5\" data-element_type=\"container\" data-settings=\"{&quot;background_background&quot;:&quot;classic&quot;}\">\n\t\t\t\t<div class=\"elementor-element elementor-element-dc3acc2 elementor-widget elementor-widget-heading\" data-id=\"dc3acc2\" data-element_type=\"widget\" data-widget_type=\"heading.default\">\n\t\t\t\t<div class=\"elementor-widget-container\">\n\t\t\t\t\t<h2 class=\"elementor-heading-title elementor-size-default\">Ger energi<\/h2>\t\t\t\t<\/div>\n\t\t\t\t<\/div>\n\t\t\t\t<div class=\"elementor-element elementor-element-5ca045a elementor-widget elementor-widget-text-editor\" data-id=\"5ca045a\" data-element_type=\"widget\" data-widget_type=\"text-editor.default\">\n\t\t\t\t<div class=\"elementor-widget-container\">\n\t\t\t\t\t\t\t\t\t<div><div>L\u00e5nga, ost\u00f6rda stunder av ensamhet Djupt fokus p\u00e5 projekt utan distraktioner Utforska abstrakta system eller modeller Skapa n\u00e5got fr\u00e5n grunden, i tystnad Sk\u00e4ra igenom brus f\u00f6r att hitta sanning Mental frihet: ingen som s\u00e4ger \u00e5t dig vad du ska g\u00f6ra.<\/div><\/div>\t\t\t\t\t\t\t\t<\/div>\n\t\t\t\t<\/div>\n\t\t\t\t<\/div>\n\t\t<div class=\"elementor-element elementor-element-ef935a1 e-con-full e-flex e-con e-child\" data-id=\"ef935a1\" data-element_type=\"container\" data-settings=\"{&quot;background_background&quot;:&quot;classic&quot;}\">\n\t\t\t\t<div class=\"elementor-element elementor-element-cb219c0 elementor-widget elementor-widget-heading\" data-id=\"cb219c0\" data-element_type=\"widget\" data-widget_type=\"heading.default\">\n\t\t\t\t<div class=\"elementor-widget-container\">\n\t\t\t\t\t<h2 class=\"elementor-heading-title elementor-size-default\">Tar energi<\/h2>\t\t\t\t<\/div>\n\t\t\t\t<\/div>\n\t\t\t\t<div class=\"elementor-element elementor-element-1b45176 elementor-widget elementor-widget-text-editor\" data-id=\"1b45176\" data-element_type=\"widget\" data-widget_type=\"text-editor.default\">\n\t\t\t\t<div class=\"elementor-widget-container\">\n\t\t\t\t\t\t\t\t\t<div><div>Sm\u00e5prat och p\u00e5tvingad social interaktion Mikrostyrning eller \u00f6verf\u00f6rklaringar Drama, skvaller eller k\u00e4nslom\u00e4ssig oreda Milj\u00f6er d\u00e4r politik g\u00e5r f\u00f6re kompetens Sociala hierarkier baserade p\u00e5 popularitet, inte substans Beh\u00f6vande eller k\u00e4nslom\u00e4ssigt manipulerande personer.<\/div><\/div>\t\t\t\t\t\t\t\t<\/div>\n\t\t\t\t<\/div>\n\t\t\t\t<\/div>\n\t\t\t\t<\/div>\n\t\t<div class=\"elementor-element elementor-element-9b2d789 e-con-full e-flex e-con e-child\" data-id=\"9b2d789\" data-element_type=\"container\">\n\t\t\t\t<div class=\"elementor-element elementor-element-e609a2d elementor-align-left elementor-hidden-mobile elementor-widget elementor-widget-button\" data-id=\"e609a2d\" data-element_type=\"widget\" data-settings=\"{&quot;_animation&quot;:&quot;none&quot;,&quot;_animation_delay&quot;:600}\" data-widget_type=\"button.default\">\n\t\t\t\t<div class=\"elementor-widget-container\">\n\t\t\t\t\t\t\t\t\t<div class=\"elementor-button-wrapper\">\n\t\t\t\t\t<a class=\"elementor-button elementor-button-link elementor-size-sm\" href=\"https:\/\/codexviii.nitea.net\/?page_id=239&#038;lang=sv\">\n\t\t\t\t\t\t<span class=\"elementor-button-content-wrapper\">\n\t\t\t\t\t\t<span class=\"elementor-button-icon\">\n\t\t\t\t<i aria-hidden=\"true\" class=\"fas fa-chevron-left\"><\/i>\t\t\t<\/span>\n\t\t\t\t\t\t\t\t\t<span class=\"elementor-button-text\">F\u00f6reg\u00e5ende arketyp<\/span>\n\t\t\t\t\t<\/span>\n\t\t\t\t\t<\/a>\n\t\t\t\t<\/div>\n\t\t\t\t\t\t\t\t<\/div>\n\t\t\t\t<\/div>\n\t\t\t\t<div class=\"elementor-element elementor-element-a639d6c elementor-align-center elementor-widget elementor-widget-button\" data-id=\"a639d6c\" data-element_type=\"widget\" data-settings=\"{&quot;_animation&quot;:&quot;none&quot;,&quot;_animation_delay&quot;:600}\" data-widget_type=\"button.default\">\n\t\t\t\t<div class=\"elementor-widget-container\">\n\t\t\t\t\t\t\t\t\t<div class=\"elementor-button-wrapper\">\n\t\t\t\t\t<a class=\"elementor-button elementor-button-link elementor-size-sm\" href=\"https:\/\/codexviii.nitea.net\/?page_id=32\">\n\t\t\t\t\t\t<span class=\"elementor-button-content-wrapper\">\n\t\t\t\t\t\t\t\t\t<span class=\"elementor-button-text\">G\u00f6r testet nu<\/span>\n\t\t\t\t\t<\/span>\n\t\t\t\t\t<\/a>\n\t\t\t\t<\/div>\n\t\t\t\t\t\t\t\t<\/div>\n\t\t\t\t<\/div>\n\t\t\t\t<div class=\"elementor-element elementor-element-3c3f8d6 elementor-align-right elementor-hidden-mobile elementor-widget elementor-widget-button\" data-id=\"3c3f8d6\" data-element_type=\"widget\" data-settings=\"{&quot;_animation&quot;:&quot;none&quot;,&quot;_animation_delay&quot;:600}\" data-widget_type=\"button.default\">\n\t\t\t\t<div class=\"elementor-widget-container\">\n\t\t\t\t\t\t\t\t\t<div class=\"elementor-button-wrapper\">\n\t\t\t\t\t<a class=\"elementor-button elementor-button-link elementor-size-sm\" href=\"https:\/\/codexviii.nitea.net\/?page_id=242&#038;lang=sv\">\n\t\t\t\t\t\t<span class=\"elementor-button-content-wrapper\">\n\t\t\t\t\t\t<span class=\"elementor-button-icon\">\n\t\t\t\t<i aria-hidden=\"true\" class=\"fas fa-chevron-right\"><\/i>\t\t\t<\/span>\n\t\t\t\t\t\t\t\t\t<span class=\"elementor-button-text\">N\u00e4sta arketyp<\/span>\n\t\t\t\t\t<\/span>\n\t\t\t\t\t<\/a>\n\t\t\t\t<\/div>\n\t\t\t\t\t\t\t\t<\/div>\n\t\t\t\t<\/div>\n\t\t\t\t<div class=\"elementor-element elementor-element-09f0e25 elementor-align-left elementor-hidden-desktop elementor-hidden-tablet elementor-widget elementor-widget-button\" data-id=\"09f0e25\" data-element_type=\"widget\" data-settings=\"{&quot;_animation&quot;:&quot;none&quot;,&quot;_animation_delay&quot;:600}\" data-widget_type=\"button.default\">\n\t\t\t\t<div class=\"elementor-widget-container\">\n\t\t\t\t\t\t\t\t\t<div class=\"elementor-button-wrapper\">\n\t\t\t\t\t<a class=\"elementor-button elementor-button-link elementor-size-sm\" href=\"https:\/\/codexviii.nitea.net\/?page_id=239&#038;lang=sv\">\n\t\t\t\t\t\t<span class=\"elementor-button-content-wrapper\">\n\t\t\t\t\t\t<span class=\"elementor-button-icon\">\n\t\t\t\t<i aria-hidden=\"true\" class=\"fas fa-chevron-left\"><\/i>\t\t\t<\/span>\n\t\t\t\t\t\t\t\t\t<span class=\"elementor-button-text\">F\u00f6reg\u00e5ende<\/span>\n\t\t\t\t\t<\/span>\n\t\t\t\t\t<\/a>\n\t\t\t\t<\/div>\n\t\t\t\t\t\t\t\t<\/div>\n\t\t\t\t<\/div>\n\t\t\t\t<div class=\"elementor-element elementor-element-af2f87a elementor-align-right elementor-hidden-desktop elementor-hidden-tablet elementor-widget elementor-widget-button\" data-id=\"af2f87a\" data-element_type=\"widget\" data-settings=\"{&quot;_animation&quot;:&quot;none&quot;,&quot;_animation_delay&quot;:600}\" data-widget_type=\"button.default\">\n\t\t\t\t<div class=\"elementor-widget-container\">\n\t\t\t\t\t\t\t\t\t<div class=\"elementor-button-wrapper\">\n\t\t\t\t\t<a class=\"elementor-button elementor-button-link elementor-size-sm\" href=\"https:\/\/codexviii.nitea.net\/?page_id=242&#038;lang=sv\">\n\t\t\t\t\t\t<span class=\"elementor-button-content-wrapper\">\n\t\t\t\t\t\t<span class=\"elementor-button-icon\">\n\t\t\t\t<i aria-hidden=\"true\" class=\"fas fa-chevron-right\"><\/i>\t\t\t<\/span>\n\t\t\t\t\t\t\t\t\t<span class=\"elementor-button-text\">N\u00e4sta<\/span>\n\t\t\t\t\t<\/span>\n\t\t\t\t\t<\/a>\n\t\t\t\t<\/div>\n\t\t\t\t\t\t\t\t<\/div>\n\t\t\t\t<\/div>\n\t\t\t\t<\/div>\n\t\t\t\t\t<\/div>\n\t\t\t\t<\/div>\n\t\t\t\t<\/div>\n\t\t","protected":false},"excerpt":{"rendered":"<p>SIGMA Sj\u00e4lvst\u00e4ndig. Ober\u00f6rd. Formar tyst sin egen v\u00e4rld. G\u00f6r testet nu \u00d6versikt Sigma-archetypen lever utanf\u00f6r den traditionella hierarkin \u2013 inte under den, inte \u00f6ver den, utan bortom den. Medan Alfahanen k\u00e4mpar f\u00f6r att leda flocken och Betan finner mening i harmoni, l\u00e4mnar Sigman tyst det sociala spelet helt. Han \u00e4r den sj\u00e4lvf\u00f6rs\u00f6rjande arkitekten av sin [&hellip;]<\/p>\n","protected":false},"author":1,"featured_media":0,"parent":24,"menu_order":0,"comment_status":"closed","ping_status":"closed","template":"","meta":{"footnotes":""},"class_list":["post-286","page","type-page","status-publish","hentry"],"_links":{"self":[{"href":"https:\/\/codexviii.nitea.net\/index.php?rest_route=\/wp\/v2\/pages\/286","targetHints":{"allow":["GET"]}}],"collection":[{"href":"https:\/\/codexviii.nitea.net\/index.php?rest_route=\/wp\/v2\/pages"}],"about":[{"href":"https:\/\/codexviii.nitea.net\/index.php?rest_route=\/wp\/v2\/types\/page"}],"author":[{"embeddable":true,"href":"https:\/\/codexviii.nitea.net\/index.php?rest_route=\/wp\/v2\/users\/1"}],"replies":[{"embeddable":true,"href":"https:\/\/codexviii.nitea.net\/index.php?rest_route=%2Fwp%2Fv2%2Fcomments&post=286"}],"version-history":[{"count":42,"href":"https:\/\/codexviii.nitea.net\/index.php?rest_route=\/wp\/v2\/pages\/286\/revisions"}],"predecessor-version":[{"id":1265,"href":"https:\/\/codexviii.nitea.net\/index.php?rest_route=\/wp\/v2\/pages\/286\/revisions\/1265"}],"up":[{"embeddable":true,"href":"https:\/\/codexviii.nitea.net\/index.php?rest_route=\/wp\/v2\/pages\/24"}],"wp:attachment":[{"href":"https:\/\/codexviii.nitea.net\/index.php?rest_route=%2Fwp%2Fv2%2Fmedia&parent=286"}],"curies":[{"name":"wp","href":"https:\/\/api.w.org\/{rel}","templated":true}]}}